{"id":3819,"date":"2022-11-09T09:30:20","date_gmt":"2022-11-09T09:30:20","guid":{"rendered":"https:\/\/carncoop.com\/news\/"},"modified":"2023-02-19T15:11:09","modified_gmt":"2023-02-19T15:11:09","slug":"news","status":"publish","type":"page","link":"https:\/\/carncoop.com\/en\/news\/","title":{"rendered":"News"},"content":{"rendered":"\t\t<div data-elementor-type=\"wp-page\" data-elementor-id=\"3819\" class=\"elementor elementor-3819 elementor-3514\">\n\t\t\t\t\t\t<div class=\"elementor-section elementor-top-section elementor-element elementor-element-b1d2117 px-gutter elementor-section-boxed elementor-section-height-default elementor-section-height-default\" data-id=\"b1d2117\" data-element_type=\"section\">\r\n\t\t\r\n\t\t\t\t\t\t\t<div class=\"elementor-container elementor-column-gap-no\">\r\n\t\t\t\t\t\t\t\t\t\t\t<div class=\"elementor-column elementor-col-100 elementor-top-column elementor-element elementor-element-cf27d19\" data-id=\"cf27d19\" data-element_type=\"column\">\r\n\t\t\t\t\t<div class=\"elementor-widget-wrap elementor-element-populated\">\r\n\t\t\t\t\t\t\t\t<div class=\"elementor-element elementor-element-2ff6d3e elementor-widget elementor-widget-heading\" data-id=\"2ff6d3e\" data-element_type=\"widget\" data-widget_type=\"heading.default\">\n\t\t\t\t<div class=\"elementor-widget-container\">\n\t\t\t\t\t<h1 class=\"elementor-heading-title elementor-size-default\">News<\/h1>\t\t\t\t<\/div>\n\t\t\t\t<\/div>\n\t\t\t\t<div class=\"elementor-element elementor-element-c27e84d elementor-widget elementor-widget-porto_blog\" data-id=\"c27e84d\" data-element_type=\"widget\" data-widget_type=\"porto_blog.default\">\n\t\t\t\t<div class=\"elementor-widget-container\">\n\t\t\t\t\t<div class=\"porto-blog wpb_content_element  porto-blog-d751713988987e9331980363e24189ce\">\t\t<div class=\"blog-posts posts-grid blog-posts-default\">\r\n\t\t\t<div class=\"posts-container row\">\r\n\t\t\r\n<article class=\"post post-grid col-md-6 col-lg-4 post-3837 post type-post status-publish format-standard has-post-thumbnail hentry category-uncategorized\">\r\n\t<div class=\"grid-box\">\r\n\t\t\t<div class=\"post-image single\">\r\n\t\t<div class=\"post-slideshow porto-carousel owl-carousel has-ccols ccols-1  nav-inside nav-inside-center nav-style-2 show-nav-hover\" data-plugin-options='{\"nav\":true}'>\r\n\t\t\t\t\t\t\t\t\t\t\t<a href=\"https:\/\/carncoop.com\/en\/uncategorized\/consumir-producto-km0-es-bueno-para-la-salud\/\" aria-label=\"post image\">\r\n\t\t\t\t\t\t\t\t<div class=\"img-thumbnail\">\r\n\t\t\t\t\t\t<img fetchpriority=\"high\" decoding=\"async\" width=\"1174\" height=\"663\" src=\"https:\/\/carncoop.com\/wp-content\/uploads\/2018\/02\/karlosnoticia.jpg\" class=\"owl-lazy img-responsive\" alt=\"\" srcset=\"https:\/\/carncoop.com\/wp-content\/uploads\/2018\/02\/karlosnoticia.jpg 1174w, https:\/\/carncoop.com\/wp-content\/uploads\/2018\/02\/karlosnoticia-600x339.jpg 600w, https:\/\/carncoop.com\/wp-content\/uploads\/2018\/02\/karlosnoticia-1024x578.jpg 1024w, https:\/\/carncoop.com\/wp-content\/uploads\/2018\/02\/karlosnoticia-768x434.jpg 768w, https:\/\/carncoop.com\/wp-content\/uploads\/2018\/02\/karlosnoticia-640x361.jpg 640w, https:\/\/carncoop.com\/wp-content\/uploads\/2018\/02\/karlosnoticia-400x226.jpg 400w\" sizes=\"(max-width: 1174px) 100vw, 1174px\" \/>\t\t\t\t\t\t\t\t\t\t\t\t\t<span class=\"zoom\" data-src=\"https:\/\/carncoop.com\/wp-content\/uploads\/2018\/02\/karlosnoticia.jpg\" data-title=\"\"><i class=\"fas fa-search\"><\/i><\/span>\r\n\t\t\t\t\t\t\t\t\t\t\t<\/div>\r\n\t\t\t\t\t\t\t\t<\/a>\r\n\t\t\t\t\t\t\t\t<\/div>\r\n\t\t\r\n\t\t\t<\/div>\r\n\t\r\n\t\t<!-- Post meta before content -->\r\n\t\t\t\t<div class=\"post-content\">\r\n\r\n\t\t\t<h4 aria-level=\"2\" class=\"entry-title\"><a href=\"https:\/\/carncoop.com\/en\/uncategorized\/consumir-producto-km0-es-bueno-para-la-salud\/\">Consumir producto Km0, es bueno para la salud<\/a><\/h4>\r\n\t\t\t<span class=\"vcard\" style=\"display: none;\"><span class=\"fn\"><a href=\"https:\/\/carncoop.com\/en\/author\/admramaders\/\" title=\"Posts by adm@ramaders\" rel=\"author\">adm@ramaders<\/a><\/span><\/span><span class=\"updated\" style=\"display:none\">2023-02-19T15:37:43+00:00<\/span><p class=\"post-excerpt\">El presidente del Consell de Eivissa, Vicent Mar\u00ed, ha asegurado que \u201cconsumir producto Km0, es bueno para la salud y para el medio ambiente. Desde el Consell d\u2019Eivissa haremos todos los esfuerzos necesarios para que la producci\u00f3n local vaya a...<\/p>\t\t\t\t\t<\/div>\r\n\t\t<!-- Post meta after content -->\r\n\t\t<div class=\"post-meta\"><span class=\"meta-date\"><i class=\"far fa-calendar-alt\"><\/i>26 de February de 2018<\/span><\/div><div class=\"post-meta\"><span class=\"meta-author\"><i class=\"far fa-user\"><\/i>By <a href=\"https:\/\/carncoop.com\/en\/author\/admramaders\/\" title=\"Posts by adm@ramaders\" rel=\"author\">adm@ramaders<\/a><\/span><span class=\"meta-cats\"><i class=\"far fa-folder\"><\/i><a href=\"https:\/\/carncoop.com\/en\/category\/uncategorized\/\" rel=\"category tag\">Uncategorized<\/a><\/span><span class=\"meta-comments\"><i class=\"far fa-comments\"><\/i><a href=\"https:\/\/carncoop.com\/en\/uncategorized\/consumir-producto-km0-es-bueno-para-la-salud\/#respond\" title=\"Comment on Consumir producto Km0, es bueno para la salud\">0 Comments<\/a><\/span><\/div>\t\t<div class=\"clearfix\">\r\n\t\t\t<a class=\"btn btn-xs btn-default text-xs text-uppercase btn-readmore\" href=\"https:\/\/carncoop.com\/en\/uncategorized\/consumir-producto-km0-es-bueno-para-la-salud\/\">Read more...<\/a>\r\n\t\t<\/div>\r\n\t<\/div>\r\n<\/article>\r\n\r\n<article class=\"post post-grid col-md-6 col-lg-4 post-3833 post type-post status-publish format-standard has-post-thumbnail hentry category-uncategorized\">\r\n\t<div class=\"grid-box\">\r\n\t\t\t<div class=\"post-image single\">\r\n\t\t<div class=\"post-slideshow porto-carousel owl-carousel has-ccols ccols-1  nav-inside nav-inside-center nav-style-2 show-nav-hover\" data-plugin-options='{\"nav\":true}'>\r\n\t\t\t\t\t\t\t\t\t\t\t<a href=\"https:\/\/carncoop.com\/en\/uncategorized\/cumbre-gastronomica-en-ibiza\/\" aria-label=\"post image\">\r\n\t\t\t\t\t\t\t\t<div class=\"img-thumbnail\">\r\n\t\t\t\t\t\t<img decoding=\"async\" width=\"1174\" height=\"663\" src=\"https:\/\/carncoop.com\/wp-content\/uploads\/2018\/02\/cumbre.jpg\" class=\"owl-lazy img-responsive\" alt=\"\" srcset=\"https:\/\/carncoop.com\/wp-content\/uploads\/2018\/02\/cumbre.jpg 1174w, https:\/\/carncoop.com\/wp-content\/uploads\/2018\/02\/cumbre-600x339.jpg 600w, https:\/\/carncoop.com\/wp-content\/uploads\/2018\/02\/cumbre-1024x578.jpg 1024w, https:\/\/carncoop.com\/wp-content\/uploads\/2018\/02\/cumbre-768x434.jpg 768w, https:\/\/carncoop.com\/wp-content\/uploads\/2018\/02\/cumbre-640x361.jpg 640w, https:\/\/carncoop.com\/wp-content\/uploads\/2018\/02\/cumbre-400x226.jpg 400w\" sizes=\"(max-width: 1174px) 100vw, 1174px\" \/>\t\t\t\t\t\t\t\t\t\t\t\t\t<span class=\"zoom\" data-src=\"https:\/\/carncoop.com\/wp-content\/uploads\/2018\/02\/cumbre.jpg\" data-title=\"\"><i class=\"fas fa-search\"><\/i><\/span>\r\n\t\t\t\t\t\t\t\t\t\t\t<\/div>\r\n\t\t\t\t\t\t\t\t<\/a>\r\n\t\t\t\t\t\t\t\t<\/div>\r\n\t\t\r\n\t\t\t<\/div>\r\n\t\r\n\t\t<!-- Post meta before content -->\r\n\t\t\t\t<div class=\"post-content\">\r\n\r\n\t\t\t<h4 aria-level=\"2\" class=\"entry-title\"><a href=\"https:\/\/carncoop.com\/en\/uncategorized\/cumbre-gastronomica-en-ibiza\/\">Cumbre gastron\u00f3mica en Ibiza<\/a><\/h4>\r\n\t\t\t<span class=\"vcard\" style=\"display: none;\"><span class=\"fn\"><a href=\"https:\/\/carncoop.com\/en\/author\/admramaders\/\" title=\"Posts by adm@ramaders\" rel=\"author\">adm@ramaders<\/a><\/span><\/span><span class=\"updated\" style=\"display:none\">2023-02-19T15:37:06+00:00<\/span><p class=\"post-excerpt\">Cuatro cocineros con estrella Michelin coinciden en el I Foro Profesional de Gastronom\u00eda del Mediterr\u00e1neo, organizado por el Consell y la Pimeef\nLa gastronom\u00eda aut\u00f3ctona de la Ibiza del siglo XXI se cocin\u00f3 ayer en el I Foro Profesional del Mediterr\u00e1neo...<\/p>\t\t\t\t\t<\/div>\r\n\t\t<!-- Post meta after content -->\r\n\t\t<div class=\"post-meta\"><span class=\"meta-date\"><i class=\"far fa-calendar-alt\"><\/i>26 de February de 2018<\/span><\/div><div class=\"post-meta\"><span class=\"meta-author\"><i class=\"far fa-user\"><\/i>By <a href=\"https:\/\/carncoop.com\/en\/author\/admramaders\/\" title=\"Posts by adm@ramaders\" rel=\"author\">adm@ramaders<\/a><\/span><span class=\"meta-cats\"><i class=\"far fa-folder\"><\/i><a href=\"https:\/\/carncoop.com\/en\/category\/uncategorized\/\" rel=\"category tag\">Uncategorized<\/a><\/span><span class=\"meta-comments\"><i class=\"far fa-comments\"><\/i><a href=\"https:\/\/carncoop.com\/en\/uncategorized\/cumbre-gastronomica-en-ibiza\/#respond\" title=\"Comment on Cumbre gastron\u00f3mica en Ibiza\">0 Comments<\/a><\/span><\/div>\t\t<div class=\"clearfix\">\r\n\t\t\t<a class=\"btn btn-xs btn-default text-xs text-uppercase btn-readmore\" href=\"https:\/\/carncoop.com\/en\/uncategorized\/cumbre-gastronomica-en-ibiza\/\">Read more...<\/a>\r\n\t\t<\/div>\r\n\t<\/div>\r\n<\/article>\r\n\r\n<article class=\"post post-grid col-md-6 col-lg-4 post-3831 post type-post status-publish format-standard has-post-thumbnail hentry category-uncategorized\">\r\n\t<div class=\"grid-box\">\r\n\t\t\t<div class=\"post-image single\">\r\n\t\t<div class=\"post-slideshow porto-carousel owl-carousel has-ccols ccols-1  nav-inside nav-inside-center nav-style-2 show-nav-hover\" data-plugin-options='{\"nav\":true}'>\r\n\t\t\t\t\t\t\t\t\t\t\t<a href=\"https:\/\/carncoop.com\/en\/uncategorized\/queremos-llegar-a-ser-la-cooperativa-de-todos-los-ganaderos-de-ibiza\/\" aria-label=\"post image\">\r\n\t\t\t\t\t\t\t\t<div class=\"img-thumbnail\">\r\n\t\t\t\t\t\t<img decoding=\"async\" width=\"1174\" height=\"663\" src=\"https:\/\/carncoop.com\/wp-content\/uploads\/2022\/11\/noti1.jpg\" class=\"owl-lazy img-responsive\" alt=\"\" srcset=\"https:\/\/carncoop.com\/wp-content\/uploads\/2022\/11\/noti1.jpg 1174w, https:\/\/carncoop.com\/wp-content\/uploads\/2022\/11\/noti1-600x339.jpg 600w, https:\/\/carncoop.com\/wp-content\/uploads\/2022\/11\/noti1-1024x578.jpg 1024w, https:\/\/carncoop.com\/wp-content\/uploads\/2022\/11\/noti1-768x434.jpg 768w, https:\/\/carncoop.com\/wp-content\/uploads\/2022\/11\/noti1-640x361.jpg 640w, https:\/\/carncoop.com\/wp-content\/uploads\/2022\/11\/noti1-400x226.jpg 400w\" sizes=\"(max-width: 1174px) 100vw, 1174px\" \/>\t\t\t\t\t\t\t\t\t\t\t\t\t<span class=\"zoom\" data-src=\"https:\/\/carncoop.com\/wp-content\/uploads\/2022\/11\/noti1.jpg\" data-title=\"\"><i class=\"fas fa-search\"><\/i><\/span>\r\n\t\t\t\t\t\t\t\t\t\t\t<\/div>\r\n\t\t\t\t\t\t\t\t<\/a>\r\n\t\t\t\t\t\t\t\t<\/div>\r\n\t\t\r\n\t\t\t<\/div>\r\n\t\r\n\t\t<!-- Post meta before content -->\r\n\t\t\t\t<div class=\"post-content\">\r\n\r\n\t\t\t<h4 aria-level=\"2\" class=\"entry-title\"><a href=\"https:\/\/carncoop.com\/en\/uncategorized\/queremos-llegar-a-ser-la-cooperativa-de-todos-los-ganaderos-de-ibiza\/\">Queremos llegar a ser la cooperativa de todos los ganaderos de Ibiza<\/a><\/h4>\r\n\t\t\t<span class=\"vcard\" style=\"display: none;\"><span class=\"fn\"><a href=\"https:\/\/carncoop.com\/en\/author\/admramaders\/\" title=\"Posts by adm@ramaders\" rel=\"author\">adm@ramaders<\/a><\/span><\/span><span class=\"updated\" style=\"display:none\">2023-02-19T15:36:20+00:00<\/span><p class=\"post-excerpt\">La primera Cooperativa de ganaderos de las Islas Baleares ha nacido en Ibiza. Esta iniciativa ha sido puesta en marcha por un grupo de siete productores de ganado: Vicente Juan Mari, presidente; Xavier Prats Mari, vicepresidente de la cooperativa y...<\/p>\t\t\t\t\t<\/div>\r\n\t\t<!-- Post meta after content -->\r\n\t\t<div class=\"post-meta\"><span class=\"meta-date\"><i class=\"far fa-calendar-alt\"><\/i>9 de November de 2022<\/span><\/div><div class=\"post-meta\"><span class=\"meta-author\"><i class=\"far fa-user\"><\/i>By <a href=\"https:\/\/carncoop.com\/en\/author\/admramaders\/\" title=\"Posts by adm@ramaders\" rel=\"author\">adm@ramaders<\/a><\/span><span class=\"meta-cats\"><i class=\"far fa-folder\"><\/i><a href=\"https:\/\/carncoop.com\/en\/category\/uncategorized\/\" rel=\"category tag\">Uncategorized<\/a><\/span><span class=\"meta-comments\"><i class=\"far fa-comments\"><\/i><a href=\"https:\/\/carncoop.com\/en\/uncategorized\/queremos-llegar-a-ser-la-cooperativa-de-todos-los-ganaderos-de-ibiza\/#respond\" title=\"Comment on Queremos llegar a ser la cooperativa de todos los ganaderos de Ibiza\">0 Comments<\/a><\/span><\/div>\t\t<div class=\"clearfix\">\r\n\t\t\t<a class=\"btn btn-xs btn-default text-xs text-uppercase btn-readmore\" href=\"https:\/\/carncoop.com\/en\/uncategorized\/queremos-llegar-a-ser-la-cooperativa-de-todos-los-ganaderos-de-ibiza\/\">Read more...<\/a>\r\n\t\t<\/div>\r\n\t<\/div>\r\n<\/article>\r\n\r\n\t\r\n\t\t\t<\/div>\r\n\t\t<\/div>\r\n\r\n\t\r\n\t\r\n\t<\/div>\t\t\t\t<\/div>\n\t\t\t\t<\/div>\n\t\t\t\t\t<\/div>\r\n\t\t\t\t<\/div>\r\n\t\t\t\t\t<\/div>\r\n\t\t\t\t<\/div>\r\n\t\t\t\t<\/div>\n\t\t","protected":false},"excerpt":{"rendered":"<p>News Consumir producto Km0, es bueno para la salud adm@ramaders2022-11-09T12:24:10+00:00 El presidente del Consell de Eivissa, Vicent Mar\u00ed, ha asegurado que \u201cconsumir producto Km0, es bueno para la salud y para el medio ambiente. Desde el Consell d\u2019Eivissa haremos todos los esfuerzos necesarios para que la producci\u00f3n local vaya a&#8230; 26 de febrero de 2018By [&hellip;]<\/p>\n","protected":false},"author":1,"featured_media":0,"parent":0,"menu_order":0,"comment_status":"closed","ping_status":"closed","template":"","meta":{"footnotes":""},"class_list":["post-3819","page","type-page","status-publish","hentry"],"_links":{"self":[{"href":"https:\/\/carncoop.com\/en\/wp-json\/wp\/v2\/pages\/3819","targetHints":{"allow":["GET"]}}],"collection":[{"href":"https:\/\/carncoop.com\/en\/wp-json\/wp\/v2\/pages"}],"about":[{"href":"https:\/\/carncoop.com\/en\/wp-json\/wp\/v2\/types\/page"}],"author":[{"embeddable":true,"href":"https:\/\/carncoop.com\/en\/wp-json\/wp\/v2\/users\/1"}],"replies":[{"embeddable":true,"href":"https:\/\/carncoop.com\/en\/wp-json\/wp\/v2\/comments?post=3819"}],"version-history":[{"count":1,"href":"https:\/\/carncoop.com\/en\/wp-json\/wp\/v2\/pages\/3819\/revisions"}],"predecessor-version":[{"id":3820,"href":"https:\/\/carncoop.com\/en\/wp-json\/wp\/v2\/pages\/3819\/revisions\/3820"}],"wp:attachment":[{"href":"https:\/\/carncoop.com\/en\/wp-json\/wp\/v2\/media?parent=3819"}],"curies":[{"name":"wp","href":"https:\/\/api.w.org\/{rel}","templated":true}]}}